{"id":9,"date":"2025-07-14T12:38:05","date_gmt":"2025-07-14T12:38:05","guid":{"rendered":"http:\/\/riolland.com\/?page_id=9"},"modified":"2025-07-15T13:52:18","modified_gmt":"2025-07-15T13:52:18","slug":"accueil","status":"publish","type":"page","link":"https:\/\/riolland.com\/","title":{"rendered":"Accueil"},"content":{"rendered":"\n<div class=\"wp-block-cover alignfull has-aspect-ratio\" style=\"padding-top:0%;padding-bottom:3rem;min-height:775px;aspect-ratio:auto;min-height:unset;\"><img loading=\"lazy\" decoding=\"async\" width=\"640\" height=\"800\" class=\"wp-block-cover__image-background wp-image-149 size-full\" alt=\"\" src=\"https:\/\/riolland.com\/wp-content\/uploads\/2025\/07\/andras-vas-Bd7gNnWJBkU-unsplash.jpg\" data-object-fit=\"cover\" srcset=\"https:\/\/riolland.com\/wp-content\/uploads\/2025\/07\/andras-vas-Bd7gNnWJBkU-unsplash.jpg 640w, https:\/\/riolland.com\/wp-content\/uploads\/2025\/07\/andras-vas-Bd7gNnWJBkU-unsplash-240x300.jpg 240w\" sizes=\"auto, (max-width: 640px) 100vw, 640px\" \/><span aria-hidden=\"true\" class=\"wp-block-cover__background has-black-background-color has-background-dim-30 has-background-dim\"><\/span><div class=\"wp-block-cover__inner-container has-global-padding is-layout-constrained wp-container-core-cover-is-layout-118a3548 wp-block-cover-is-layout-constrained\">\n<div class=\"wp-block-group alignwide is-vertical is-content-justification-left is-layout-flex wp-container-core-group-is-layout-b21d21b4 wp-block-group-is-layout-flex\" style=\"min-height:520px\">\n<div class=\"wp-block-group has-global-padding is-layout-constrained wp-container-core-group-is-layout-92ef7b19 wp-block-group-is-layout-constrained\">\n<h2 class=\"wp-block-heading has-text-align-left has-text-color\" style=\"color:#fffffd;margin-bottom:1.01rem;font-size:clamp(2.422rem, 2.422rem + ((1vw - 0.2rem) * 3.796), 4.51rem);font-style:normal;font-weight:500;line-height:1.2\">Votre Support informatique \u00e0 domicile !<\/h2>\n\n\n\n<p class=\"has-text-align-left has-text-color\" style=\"color:#fffffd;margin-top:0;margin-bottom:0;padding-top:0;padding-right:0;padding-bottom:0;padding-left:0;font-size:clamp(0.935rem, 0.935rem + ((1vw - 0.2rem) * 0.864), 1.41rem);font-style:normal;font-weight:400;line-height:1.3\">Nous simplifions la technologie ! Obtenez notre aide pour votre ordinateur, tablette ou smartphone, directement chez vous.<\/p>\n<\/div>\n<\/div>\n<\/div><\/div>\n\n\n\n<section class=\"wp-block-group alignfull has-global-padding is-layout-constrained wp-container-core-group-is-layout-05455e64 wp-block-group-is-layout-constrained\" style=\"margin-top:0px;padding-top:6rem;padding-right:1rem;padding-bottom:4.5rem;padding-left:1rem;font-size:clamp(0.875rem, 0.875rem + ((1vw - 0.2rem) * 0.464), 1.13rem);font-style:normal;font-weight:400;line-height:1.4\">\n<div class=\"wp-block-columns is-layout-flex wp-container-core-columns-is-layout-2e7296b4 wp-block-columns-is-layout-flex\" style=\"margin-bottom:0px\">\n<div class=\"wp-block-column is-vertically-aligned-center is-layout-flow wp-block-column-is-layout-flow\" style=\"padding-right:1rem;padding-left:1rem;flex-basis:35%\">\n<figure class=\"wp-block-image aligncenter size-full has-custom-border\"><img loading=\"lazy\" decoding=\"async\" width=\"1920\" height=\"1280\" src=\"https:\/\/riolland.com\/wp-content\/uploads\/2025\/07\/pexels-kampus-7983582.jpg\" alt=\"\" class=\"wp-image-34\" style=\"border-radius:100px\" srcset=\"https:\/\/riolland.com\/wp-content\/uploads\/2025\/07\/pexels-kampus-7983582.jpg 1920w, https:\/\/riolland.com\/wp-content\/uploads\/2025\/07\/pexels-kampus-7983582-300x200.jpg 300w, https:\/\/riolland.com\/wp-content\/uploads\/2025\/07\/pexels-kampus-7983582-1024x683.jpg 1024w, https:\/\/riolland.com\/wp-content\/uploads\/2025\/07\/pexels-kampus-7983582-768x512.jpg 768w, https:\/\/riolland.com\/wp-content\/uploads\/2025\/07\/pexels-kampus-7983582-1536x1024.jpg 1536w\" sizes=\"auto, (max-width: 1920px) 100vw, 1920px\" \/><\/figure>\n<\/div>\n\n\n\n<div class=\"wp-block-column has-global-padding is-layout-constrained wp-container-core-column-is-layout-b4ec969c wp-block-column-is-layout-constrained\" style=\"padding-top:2.01rem\">\n<div class=\"wp-block-group has-global-padding is-layout-constrained wp-container-core-group-is-layout-dca71664 wp-block-group-is-layout-constrained\" style=\"min-height:100%\">\n<h3 class=\"wp-block-heading has-text-align-center has-text-color\" style=\"color:#010101;margin-top:0.5rem;margin-bottom:0rem;font-size:clamp(1.556rem, 1.556rem + ((1vw - 0.2rem) * 1.916), 2.61rem);font-style:normal;font-weight:500;letter-spacing:0px;line-height:1.3\">Notre parcours dans l&rsquo;assistance technique \u00e0 domicile<\/h3>\n\n\n\n<div class=\"wp-block-group is-vertical is-content-justification-stretch is-layout-flex wp-container-core-group-is-layout-53ad70e0 wp-block-group-is-layout-flex\" style=\"margin-top:1.61rem;padding-right:0px;padding-left:0px\">\n<div class=\"wp-block-group has-global-padding is-content-justification-center is-layout-constrained wp-container-core-group-is-layout-2f0bcb29 wp-block-group-is-layout-constrained\" style=\"margin-top:0px\"><\/div>\n<\/div>\n\n\n\n<p class=\"has-text-align-center has-text-color\" style=\"color:#010101;margin-top:0rem;font-size:clamp(0.875rem, 0.875rem + ((1vw - 0.2rem) * 0.245), 1.01rem);font-style:normal;font-weight:400;line-height:1.5\">Nous sommes convaincus que la technologie est accessible \u00e0 tous. Notre histoire a commenc\u00e9 lorsque nous avons constat\u00e9 que de nombreuses personnes rencontraient des difficult\u00e9s avec leurs appareils \u00e0 la maison. Nous avons d\u00e9cid\u00e9 de changer cela&nbsp;! Passionn\u00e9s par l&rsquo;entraide, nous avons commenc\u00e9 \u00e0 vous proposer une assistance technique conviviale et experte, directement chez vous. Notre objectif est de vous permettre d&rsquo;utiliser vos appareils en toute confiance. Qu&rsquo;il s&rsquo;agisse d&rsquo;installer un nouvel ordinateur, de r\u00e9soudre un probl\u00e8me de tablette ou de vous guider dans l&rsquo;utilisation d&rsquo;un logiciel, nous sommes l\u00e0 pour vous. La technologie est \u00e0 votre service&nbsp;!<\/p>\n<\/div>\n<\/div>\n<\/div>\n<\/section>\n\n\n\n<div class=\"wp-block-cover alignfull is-light\" style=\"padding-top:3.51rem;padding-right:0px;padding-bottom:2.01rem;padding-left:0px\"><span aria-hidden=\"true\" class=\"wp-block-cover__background has-background-dim-100 has-background-dim\" style=\"background-color:#fff3ea\"><\/span><div class=\"wp-block-cover__inner-container is-layout-flow wp-block-cover-is-layout-flow\">\n<div class=\"wp-block-group alignfull is-layout-flow wp-block-group-is-layout-flow\" style=\"margin-top:0px;margin-bottom:0px;padding-top:0rem;padding-right:1px;padding-bottom:2.01rem;padding-left:1px\">\n<div class=\"wp-block-columns alignfull is-layout-flex wp-container-core-columns-is-layout-35290b6f wp-block-columns-is-layout-flex\" style=\"padding-top:0rem\">\n<div class=\"wp-block-column is-layout-flow wp-block-column-is-layout-flow\" style=\"padding-top:1rem;padding-right:0rem;padding-bottom:1rem;padding-left:0rem\">\n<div class=\"wp-block-cover has-aspect-ratio\" style=\"border-radius:100px;padding-right:0.51rem;padding-left:0.51rem;min-height:390px;aspect-ratio:4\/3;min-height:unset;\"><img loading=\"lazy\" decoding=\"async\" width=\"1024\" height=\"683\" class=\"wp-block-cover__image-background wp-image-30 size-large\" alt=\"\" src=\"https:\/\/riolland.com\/wp-content\/uploads\/2025\/07\/designecologist-Pmh0UoG1vlE-unsplash-1024x683.jpg\" style=\"object-position:49% 51%\" data-object-fit=\"cover\" data-object-position=\"49% 51%\" srcset=\"https:\/\/riolland.com\/wp-content\/uploads\/2025\/07\/designecologist-Pmh0UoG1vlE-unsplash-1024x683.jpg 1024w, https:\/\/riolland.com\/wp-content\/uploads\/2025\/07\/designecologist-Pmh0UoG1vlE-unsplash-300x200.jpg 300w, https:\/\/riolland.com\/wp-content\/uploads\/2025\/07\/designecologist-Pmh0UoG1vlE-unsplash-768x512.jpg 768w, https:\/\/riolland.com\/wp-content\/uploads\/2025\/07\/designecologist-Pmh0UoG1vlE-unsplash-1536x1024.jpg 1536w, https:\/\/riolland.com\/wp-content\/uploads\/2025\/07\/designecologist-Pmh0UoG1vlE-unsplash.jpg 1920w\" sizes=\"auto, (max-width: 1024px) 100vw, 1024px\" \/><span aria-hidden=\"true\" class=\"wp-block-cover__background has-black-background-color has-background-dim-40 has-background-dim\"><\/span><div class=\"wp-block-cover__inner-container has-global-padding is-layout-constrained wp-container-core-cover-is-layout-1a3bd245 wp-block-cover-is-layout-constrained\">\n<h3 class=\"wp-block-heading has-text-align-center has-text-color\" style=\"color:#fffffd;font-size:clamp(1.507rem, 1.507rem + ((1vw - 0.2rem) * 1.824), 2.51rem);\">Installation \u00e0 domicile<\/h3>\n<\/div><\/div>\n<\/div>\n\n\n\n<div class=\"wp-block-column is-layout-flow wp-block-column-is-layout-flow\" style=\"padding-top:1rem;padding-right:0rem;padding-bottom:1rem;padding-left:0rem\">\n<div class=\"wp-block-cover has-aspect-ratio\" style=\"border-radius:100px;padding-right:0.51rem;padding-left:0.51rem;min-height:390px;aspect-ratio:4\/3;min-height:unset;\"><img loading=\"lazy\" decoding=\"async\" width=\"1024\" height=\"683\" class=\"wp-block-cover__image-background wp-image-90 size-large\" alt=\"\" src=\"https:\/\/riolland.com\/wp-content\/uploads\/2025\/07\/thisisengineering-f4pUuCc3M0g-unsplash-1024x683.jpg\" data-object-fit=\"cover\" srcset=\"https:\/\/riolland.com\/wp-content\/uploads\/2025\/07\/thisisengineering-f4pUuCc3M0g-unsplash-1024x683.jpg 1024w, https:\/\/riolland.com\/wp-content\/uploads\/2025\/07\/thisisengineering-f4pUuCc3M0g-unsplash-300x200.jpg 300w, https:\/\/riolland.com\/wp-content\/uploads\/2025\/07\/thisisengineering-f4pUuCc3M0g-unsplash-768x512.jpg 768w, https:\/\/riolland.com\/wp-content\/uploads\/2025\/07\/thisisengineering-f4pUuCc3M0g-unsplash-1536x1025.jpg 1536w, https:\/\/riolland.com\/wp-content\/uploads\/2025\/07\/thisisengineering-f4pUuCc3M0g-unsplash.jpg 1920w\" sizes=\"auto, (max-width: 1024px) 100vw, 1024px\" \/><span aria-hidden=\"true\" class=\"wp-block-cover__background has-black-background-color has-background-dim-40 has-background-dim\"><\/span><div class=\"wp-block-cover__inner-container has-global-padding is-layout-constrained wp-container-core-cover-is-layout-1a3bd245 wp-block-cover-is-layout-constrained\">\n<h3 class=\"wp-block-heading has-text-align-center has-text-color\" style=\"color:#fffffd;font-size:clamp(1.507rem, 1.507rem + ((1vw - 0.2rem) * 1.824), 2.51rem);\">Maintenance logicielle<\/h3>\n<\/div><\/div>\n<\/div>\n\n\n\n<div class=\"wp-block-column is-layout-flow wp-block-column-is-layout-flow\" style=\"padding-top:1rem;padding-right:0rem;padding-bottom:1rem;padding-left:0rem\">\n<div class=\"wp-block-cover has-aspect-ratio\" style=\"border-radius:100px;padding-right:0.51rem;padding-left:0.51rem;min-height:390px;aspect-ratio:4\/3;min-height:unset;\"><img loading=\"lazy\" decoding=\"async\" width=\"1024\" height=\"683\" class=\"wp-block-cover__image-background wp-image-32 size-large\" alt=\"\" src=\"https:\/\/riolland.com\/wp-content\/uploads\/2025\/07\/kobu-agency-7okkFhxrxNw-unsplash-1024x683.jpg\" data-object-fit=\"cover\" srcset=\"https:\/\/riolland.com\/wp-content\/uploads\/2025\/07\/kobu-agency-7okkFhxrxNw-unsplash-1024x683.jpg 1024w, https:\/\/riolland.com\/wp-content\/uploads\/2025\/07\/kobu-agency-7okkFhxrxNw-unsplash-300x200.jpg 300w, https:\/\/riolland.com\/wp-content\/uploads\/2025\/07\/kobu-agency-7okkFhxrxNw-unsplash-768x512.jpg 768w, https:\/\/riolland.com\/wp-content\/uploads\/2025\/07\/kobu-agency-7okkFhxrxNw-unsplash-1536x1024.jpg 1536w, https:\/\/riolland.com\/wp-content\/uploads\/2025\/07\/kobu-agency-7okkFhxrxNw-unsplash.jpg 1920w\" sizes=\"auto, (max-width: 1024px) 100vw, 1024px\" \/><span aria-hidden=\"true\" class=\"wp-block-cover__background has-black-background-color has-background-dim-40 has-background-dim\"><\/span><div class=\"wp-block-cover__inner-container has-global-padding is-layout-constrained wp-container-core-cover-is-layout-1a3bd245 wp-block-cover-is-layout-constrained\">\n<h3 class=\"wp-block-heading has-text-align-center has-text-color\" style=\"color:#fffffd;font-size:clamp(1.507rem, 1.507rem + ((1vw - 0.2rem) * 1.824), 2.51rem);\">apprentissage<\/h3>\n<\/div><\/div>\n<\/div>\n\n\n\n<div class=\"wp-block-column is-layout-flow wp-block-column-is-layout-flow\" style=\"padding-top:1rem;padding-right:0rem;padding-bottom:1rem;padding-left:0rem\">\n<div class=\"wp-block-cover has-aspect-ratio\" style=\"border-radius:100px;padding-right:0.51rem;padding-left:0.51rem;min-height:390px;aspect-ratio:4\/3;min-height:unset;\"><img loading=\"lazy\" decoding=\"async\" width=\"1024\" height=\"683\" class=\"wp-block-cover__image-background wp-image-33 size-large\" alt=\"\" src=\"https:\/\/riolland.com\/wp-content\/uploads\/2025\/07\/christian-wiediger-WkfDrhxDMC8-unsplash-1024x683.jpg\" data-object-fit=\"cover\" srcset=\"https:\/\/riolland.com\/wp-content\/uploads\/2025\/07\/christian-wiediger-WkfDrhxDMC8-unsplash-1024x683.jpg 1024w, https:\/\/riolland.com\/wp-content\/uploads\/2025\/07\/christian-wiediger-WkfDrhxDMC8-unsplash-300x200.jpg 300w, https:\/\/riolland.com\/wp-content\/uploads\/2025\/07\/christian-wiediger-WkfDrhxDMC8-unsplash-768x512.jpg 768w, https:\/\/riolland.com\/wp-content\/uploads\/2025\/07\/christian-wiediger-WkfDrhxDMC8-unsplash-1536x1024.jpg 1536w, https:\/\/riolland.com\/wp-content\/uploads\/2025\/07\/christian-wiediger-WkfDrhxDMC8-unsplash.jpg 1920w\" sizes=\"auto, (max-width: 1024px) 100vw, 1024px\" \/><span aria-hidden=\"true\" class=\"wp-block-cover__background has-black-background-color has-background-dim-40 has-background-dim\"><\/span><div class=\"wp-block-cover__inner-container has-global-padding is-layout-constrained wp-container-core-cover-is-layout-1a3bd245 wp-block-cover-is-layout-constrained\">\n<h3 class=\"wp-block-heading has-text-align-center has-text-color\" style=\"color:#fffffd;font-size:clamp(1.507rem, 1.507rem + ((1vw - 0.2rem) * 1.824), 2.51rem);\">support p\u00e9riph\u00e9riques<\/h3>\n<\/div><\/div>\n<\/div>\n<\/div>\n<\/div>\n<\/div><\/div>\n\n\n\n<div class=\"wp-block-cover alignfull is-light\"><img decoding=\"async\" class=\"wp-block-cover__image-background wp-image-764\" alt=\"\" src=\"https:\/\/tyler.com\/wp-content\/uploads\/2023\/11\/surf-banner1.jpg\" data-object-fit=\"cover\"\/><span aria-hidden=\"true\" class=\"wp-block-cover__background has-background-dim-0 has-background-dim\"><\/span><div class=\"wp-block-cover__inner-container has-global-padding is-layout-constrained wp-block-cover-is-layout-constrained\">\n<section class=\"wp-block-group alignfull has-global-padding is-layout-constrained wp-container-core-group-is-layout-cfb15881 wp-block-group-is-layout-constrained\" style=\"margin-top:0px;padding-top:4.01rem;padding-right:1rem;padding-bottom:5.01rem;padding-left:1rem;font-size:clamp(0.875rem, 0.875rem + ((1vw - 0.2rem) * 0.464), 1.13rem);font-style:normal;font-weight:400;line-height:1.4\">\n<div class=\"wp-block-columns is-layout-flex wp-container-core-columns-is-layout-a86bf794 wp-block-columns-is-layout-flex\" style=\"margin-bottom:0px\">\n<div class=\"wp-block-column has-global-padding is-layout-constrained wp-container-core-column-is-layout-b4ec969c wp-block-column-is-layout-constrained\" style=\"padding-top:2.01rem\">\n<div class=\"wp-block-group has-global-padding is-layout-constrained wp-container-core-group-is-layout-dca71664 wp-block-group-is-layout-constrained\" style=\"min-height:100%\">\n<h3 class=\"wp-block-heading has-text-align-center has-text-color\" style=\"color:#fffffd;margin-top:0.5rem;margin-bottom:0rem;font-size:clamp(1.556rem, 1.556rem + ((1vw - 0.2rem) * 1.916), 2.61rem);font-style:normal;font-weight:500;letter-spacing:0px;line-height:1.3\">Comment nous rendons la technologie plus simple<\/h3>\n\n\n\n<p class=\"has-text-align-center has-text-color\" style=\"color:#fffffd;margin-top:0rem;font-size:clamp(0.875rem, 0.875rem + ((1vw - 0.2rem) * 0.245), 1.01rem);font-style:normal;font-weight:400;line-height:1.5\">Nous pensons que la technologie doit vous servir, et non vous stresser. Notre \u00e9quipe accueillante est l\u00e0 pour vous offrir un accompagnement personnalis\u00e9, de l&rsquo;installation au d\u00e9pannage. Nous vous offrons les connaissances et les comp\u00e9tences n\u00e9cessaires pour une exp\u00e9rience technologique fluide \u00e0 chaque fois&nbsp;!<\/p>\n\n\n\n<div class=\"wp-block-group is-vertical is-content-justification-stretch is-layout-flex wp-container-core-group-is-layout-53ad70e0 wp-block-group-is-layout-flex\" style=\"margin-top:1.61rem;padding-right:0px;padding-left:0px\">\n<div class=\"wp-block-group has-global-padding is-content-justification-center is-layout-constrained wp-container-core-group-is-layout-2f0bcb29 wp-block-group-is-layout-constrained\" style=\"margin-top:0px\">\n<div class=\"wp-block-buttons is-horizontal is-content-justification-right is-layout-flex wp-container-core-buttons-is-layout-099266fd wp-block-buttons-is-layout-flex\" style=\"margin-top:0.51rem\">\n<div class=\"wp-block-button has-custom-width wp-block-button__width-100 is-style-fill\"><a class=\"wp-block-button__link has-text-color has-background has-custom-font-size wp-element-button\" href=\"https:\/\/riolland.com\/?page_id=16\" style=\"border-style:none;border-width:0px;border-radius:0rem;color:#e27013;background-color:#fffffd;padding-top:0.71rem;padding-right:0.31rem;padding-bottom:0.71rem;padding-left:0.31rem;font-size:clamp(0.875rem, 0.875rem + ((1vw - 0.2rem) * 0.245), 1.01rem);font-style:normal;font-weight:600;line-height:1.5;text-transform:uppercase\">Obtenir de l&rsquo;aide <\/a><\/div>\n<\/div>\n<\/div>\n<\/div>\n<\/div>\n<\/div>\n\n\n\n<div class=\"wp-block-column is-vertically-aligned-center is-layout-flow wp-block-column-is-layout-flow\" style=\"padding-right:1rem;padding-left:1rem;flex-basis:40%\">\n<figure class=\"wp-block-image aligncenter size-full is-resized has-custom-border\"><img loading=\"lazy\" decoding=\"async\" width=\"1920\" height=\"1280\" src=\"https:\/\/riolland.com\/wp-content\/uploads\/2025\/07\/pexels-kampus-7983563-1.jpg\" alt=\"\" class=\"wp-image-36\" style=\"border-radius:100px;width:450px\" srcset=\"https:\/\/riolland.com\/wp-content\/uploads\/2025\/07\/pexels-kampus-7983563-1.jpg 1920w, https:\/\/riolland.com\/wp-content\/uploads\/2025\/07\/pexels-kampus-7983563-1-300x200.jpg 300w, https:\/\/riolland.com\/wp-content\/uploads\/2025\/07\/pexels-kampus-7983563-1-1024x683.jpg 1024w, https:\/\/riolland.com\/wp-content\/uploads\/2025\/07\/pexels-kampus-7983563-1-768x512.jpg 768w, https:\/\/riolland.com\/wp-content\/uploads\/2025\/07\/pexels-kampus-7983563-1-1536x1024.jpg 1536w\" sizes=\"auto, (max-width: 1920px) 100vw, 1920px\" \/><\/figure>\n<\/div>\n<\/div>\n<\/section>\n<\/div><\/div>\n\n\n\n<div class=\"wp-block-group alignfull has-global-padding is-layout-constrained wp-container-core-group-is-layout-3c77c8a4 wp-block-group-is-layout-constrained\" style=\"padding-top:3.51rem;padding-right:1.01rem;padding-bottom:5.01rem;padding-left:1.01rem\">\n<div class=\"wp-block-group has-global-padding is-layout-constrained wp-block-group-is-layout-constrained\">\n<h3 class=\"wp-block-heading has-text-align-center has-text-color\" style=\"color:#010101;margin-top:0.5rem;margin-bottom:0rem;font-size:clamp(1.556rem, 1.556rem + ((1vw - 0.2rem) * 1.916), 2.61rem);font-style:normal;font-weight:500;letter-spacing:0px;line-height:1.3\">Ce que disent nos clients<\/h3>\n\n\n\n<figure class=\"wp-block-image size-large\"><img loading=\"lazy\" decoding=\"async\" width=\"1024\" height=\"491\" src=\"https:\/\/riolland.com\/wp-content\/uploads\/2025\/07\/Sans-titre-1-1024x491.png\" alt=\"\" class=\"wp-image-159\" srcset=\"https:\/\/riolland.com\/wp-content\/uploads\/2025\/07\/Sans-titre-1-1024x491.png 1024w, https:\/\/riolland.com\/wp-content\/uploads\/2025\/07\/Sans-titre-1-300x144.png 300w, https:\/\/riolland.com\/wp-content\/uploads\/2025\/07\/Sans-titre-1-768x368.png 768w, https:\/\/riolland.com\/wp-content\/uploads\/2025\/07\/Sans-titre-1.png 1307w\" sizes=\"auto, (max-width: 1024px) 100vw, 1024px\" \/><\/figure>\n<\/div>\n<\/div>\n\n\n\n<section class=\"wp-block-cover alignfull\" style=\"margin-top:0px;padding-top:1.01rem;padding-bottom:1.01rem;min-height:430px;aspect-ratio:unset;\"><img loading=\"lazy\" decoding=\"async\" width=\"1024\" height=\"768\" class=\"wp-block-cover__image-background wp-image-40 size-large\" alt=\"\" src=\"https:\/\/riolland.com\/wp-content\/uploads\/2025\/07\/sam-albury-oA7MMRxTVzo-unsplash-1-1024x768.jpg\" data-object-fit=\"cover\" srcset=\"https:\/\/riolland.com\/wp-content\/uploads\/2025\/07\/sam-albury-oA7MMRxTVzo-unsplash-1-1024x768.jpg 1024w, https:\/\/riolland.com\/wp-content\/uploads\/2025\/07\/sam-albury-oA7MMRxTVzo-unsplash-1-300x225.jpg 300w, https:\/\/riolland.com\/wp-content\/uploads\/2025\/07\/sam-albury-oA7MMRxTVzo-unsplash-1-768x576.jpg 768w, https:\/\/riolland.com\/wp-content\/uploads\/2025\/07\/sam-albury-oA7MMRxTVzo-unsplash-1-1536x1152.jpg 1536w, https:\/\/riolland.com\/wp-content\/uploads\/2025\/07\/sam-albury-oA7MMRxTVzo-unsplash-1.jpg 1920w\" sizes=\"auto, (max-width: 1024px) 100vw, 1024px\" \/><span aria-hidden=\"true\" class=\"wp-block-cover__background has-background-dim-30 has-background-dim\" style=\"background-color:#000101\"><\/span><div class=\"wp-block-cover__inner-container has-global-padding is-layout-constrained wp-container-core-cover-is-layout-b1bebcb3 wp-block-cover-is-layout-constrained\">\n<div class=\"wp-block-group has-text-color is-layout-flow wp-block-group-is-layout-flow\" style=\"color:#fffffd;margin-top:0px;padding-top:0rem;padding-right:1rem;padding-bottom:0rem;padding-left:1rem;font-size:clamp(0.875rem, 0.875rem + ((1vw - 0.2rem) * 0.464), 1.13rem);font-style:normal;font-weight:400;line-height:1.4\">\n<div class=\"wp-block-group has-global-padding is-layout-constrained wp-container-core-group-is-layout-bdbfdc43 wp-block-group-is-layout-constrained\">\n<h2 class=\"wp-block-heading has-text-align-center has-text-color\" style=\"color:#fffffd;margin-bottom:0rem;font-size:clamp(1.507rem, 1.507rem + ((1vw - 0.2rem) * 1.824), 2.51rem);font-style:normal;font-weight:400;line-height:1.2\">Vous donner les moyens d&rsquo;acqu\u00e9rir des comp\u00e9tences technologiques est notre passion. Mettons la technologie \u00e0 votre service&nbsp;!<\/h2>\n<\/div>\n<\/div>\n<\/div><\/section>\n\n\n\n<p><\/p>\n","protected":false},"excerpt":{"rendered":"<p>Notre parcours dans l&rsquo;assistance technique \u00e0 domicile Nous sommes convaincus que la technologie est accessible \u00e0 tous. Notre histoire a commenc\u00e9 lorsque nous avons constat\u00e9 que de nombreuses personnes rencontraient des difficult\u00e9s avec leurs appareils \u00e0 la maison. Nous avons d\u00e9cid\u00e9 de changer cela&nbsp;! Passionn\u00e9s par l&rsquo;entraide, nous avons commenc\u00e9 \u00e0 vous proposer une assistance [&hellip;]<\/p>\n","protected":false},"author":1,"featured_media":0,"parent":0,"menu_order":0,"comment_status":"closed","ping_status":"closed","template":"","meta":{"footnotes":""},"class_list":["post-9","page","type-page","status-publish","hentry"],"_links":{"self":[{"href":"https:\/\/riolland.com\/index.php?rest_route=\/wp\/v2\/pages\/9","targetHints":{"allow":["GET"]}}],"collection":[{"href":"https:\/\/riolland.com\/index.php?rest_route=\/wp\/v2\/pages"}],"about":[{"href":"https:\/\/riolland.com\/index.php?rest_route=\/wp\/v2\/types\/page"}],"author":[{"embeddable":true,"href":"https:\/\/riolland.com\/index.php?rest_route=\/wp\/v2\/users\/1"}],"replies":[{"embeddable":true,"href":"https:\/\/riolland.com\/index.php?rest_route=%2Fwp%2Fv2%2Fcomments&post=9"}],"version-history":[{"count":31,"href":"https:\/\/riolland.com\/index.php?rest_route=\/wp\/v2\/pages\/9\/revisions"}],"predecessor-version":[{"id":190,"href":"https:\/\/riolland.com\/index.php?rest_route=\/wp\/v2\/pages\/9\/revisions\/190"}],"wp:attachment":[{"href":"https:\/\/riolland.com\/index.php?rest_route=%2Fwp%2Fv2%2Fmedia&parent=9"}],"curies":[{"name":"wp","href":"https:\/\/api.w.org\/{rel}","templated":true}]}}