{"id":70,"date":"2025-07-14T15:44:49","date_gmt":"2025-07-14T15:44:49","guid":{"rendered":"https:\/\/riolland.com\/?page_id=70"},"modified":"2025-07-14T15:45:25","modified_gmt":"2025-07-14T15:45:25","slug":"politique-de-protection-de-la-vie-privee","status":"publish","type":"page","link":"https:\/\/riolland.com\/?page_id=70","title":{"rendered":"politique de protection de la vie priv\u00e9e"},"content":{"rendered":"\n<p>Quel type d&rsquo;informations recueillons-nous ?<\/p>\n\n\n\n<p class=\"has-large-font-size\">politique de protection de la vie priv\u00e9e<\/p>\n\n\n\n<p>Nous recevons, collectons et stockons toute information que vous saisissez sur notre site web ou que vous nous fournissez de toute autre mani\u00e8re. En outre, nous recueillons l&rsquo;adresse de protocole Internet (IP) utilis\u00e9e pour connecter votre ordinateur \u00e0 l&rsquo;Internet ; les informations sur l&rsquo;ordinateur et la connexion . Nous pouvons utiliser des outils logiciels pour mesurer et collecter des informations de session, y compris les temps de r\u00e9ponse des pages, la dur\u00e9e des visites sur certaines pages, les informations sur l&rsquo;interaction entre les pages et les m\u00e9thodes utilis\u00e9es pour naviguer hors de la page. Nous recueillons \u00e9galement des informations d&rsquo;identification personnelle (y compris le nom, l&rsquo;adresse \u00e9lectronique, le mot de passe, les communications) ; les d\u00e9tails de paiement (y compris les informations de carte de cr\u00e9dit), les commentaires, les r\u00e9actions, les \u00e9valuations de produits, les recommandations et le profil personnel.<\/p>\n\n\n\n<p><\/p>\n\n\n\n<p>Pourquoi recueillons-nous de telles informations personnelles ?<\/p>\n\n\n\n<p><\/p>\n\n\n\n<p>Nous recueillons ces informations non personnelles et personnelles aux fins suivantes :<\/p>\n\n\n\n<ol class=\"wp-block-list\">\n<li>Fournir et exploiter les services ;<\/li>\n\n\n\n<li>Fournir \u00e0 nos utilisateurs une Assistance et un support technique permanents ;<\/li>\n\n\n\n<li>Pouvoir contacter nos visiteurs et utilisateurs avec des avis g\u00e9n\u00e9raux ou personnalis\u00e9s relatifs au service et des messages promotionnels ;<\/li>\n\n\n\n<li>Pour cr\u00e9er des donn\u00e9es statistiques agr\u00e9g\u00e9es et d&rsquo;autres informations non personnelles agr\u00e9g\u00e9es et\/ou d\u00e9duites, que nous ou nos partenaires commerciaux pouvons utiliser pour fournir et am\u00e9liorer nos services respectifs ;<\/li>\n\n\n\n<li>Se conformer aux lois et r\u00e8glements applicables.<\/li>\n<\/ol>\n\n\n\n<p><\/p>\n\n\n\n<p>Comment stockons-nous, utilisons, partagons-nous et divulguons-nous les informations personnelles des visiteurs de votre site ?<\/p>\n\n\n\n<p><\/p>\n\n\n\n<p>Notre entreprise est h\u00e9berg\u00e9e sur la plateforme Wix.com. Wix.com nous fournit la plateforme en ligne qui nous permet de vous vendre nos produits et services. Vos donn\u00e9es peuvent \u00eatre stock\u00e9es par le biais du stockage de donn\u00e9es, des bases de donn\u00e9es et des applications g\u00e9n\u00e9rales de Wix.com. Elles stockent vos donn\u00e9es sur des serveurs s\u00e9curis\u00e9s derri\u00e8re un pare-feu.<br><br>Toutes les passerelles de paiement direct propos\u00e9es par Wix.com et utilis\u00e9es par notre entreprise respectent les normes \u00e9tablies par PCI-DSS, telles que g\u00e9r\u00e9es par le PCI Security Standards Council, qui est un effort conjoint de marques comme Visa, MasterCard, American Express et Discover. Les exigences PCI-DSS contribuent \u00e0 garantir le traitement s\u00e9curis\u00e9 des informations relatives aux cartes de cr\u00e9dit par notre magasin et ses fournisseurs de services.<\/p>\n\n\n\n<p><\/p>\n\n\n\n<p>Comment communiquez-vous avec les visiteurs de votre site ?<\/p>\n\n\n\n<p><\/p>\n\n\n\n<p>Nous pouvons vous contacter pour vous informer sur votre compte, pour r\u00e9soudre des probl\u00e8mes avec votre compte, pour r\u00e9soudre un litige, pour collecter des frais ou des sommes dues, pour sonder votre opinion par le biais d&rsquo;enqu\u00eates ou de questionnaires, pour envoyer des mises \u00e0 jour sur notre soci\u00e9t\u00e9, ou si n\u00e9cessaire pour vous contacter afin de faire respecter notre contrat d&rsquo;utilisation, les lois nationales applicables, et tout accord que nous pourrions avoir avec vous. \u00c0 ces fins, nous pouvons vous contacter par courrier \u00e9lectronique, t\u00e9l\u00e9phone, messages textuels et courrier postal.<\/p>\n\n\n\n<p><\/p>\n\n\n\n<p>Comment les visiteurs de notre site peuvent-ils retirer leur consentement ?<\/p>\n\n\n\n<p><\/p>\n\n\n\n<p>Si vous ne souhaitez plus que nous traitions vos donn\u00e9es, veuillez nous contacter \u00e0 riolland.g@gmail.com ou nous envoyer un courrier au 6 rue du campanile 36220 Preuilly-la-Ville FRANCE.<\/p>\n","protected":false},"excerpt":{"rendered":"<p>Quel type d&rsquo;informations recueillons-nous ? politique de protection de la vie priv\u00e9e Nous recevons, collectons et stockons toute information que vous saisissez sur notre site web ou que vous nous fournissez de toute autre mani\u00e8re. En outre, nous recueillons l&rsquo;adresse de protocole Internet (IP) utilis\u00e9e pour connecter votre ordinateur \u00e0 l&rsquo;Internet ; les informations sur [&hellip;]<\/p>\n","protected":false},"author":1,"featured_media":0,"parent":0,"menu_order":0,"comment_status":"closed","ping_status":"closed","template":"","meta":{"footnotes":""},"class_list":["post-70","page","type-page","status-publish","hentry"],"_links":{"self":[{"href":"https:\/\/riolland.com\/index.php?rest_route=\/wp\/v2\/pages\/70","targetHints":{"allow":["GET"]}}],"collection":[{"href":"https:\/\/riolland.com\/index.php?rest_route=\/wp\/v2\/pages"}],"about":[{"href":"https:\/\/riolland.com\/index.php?rest_route=\/wp\/v2\/types\/page"}],"author":[{"embeddable":true,"href":"https:\/\/riolland.com\/index.php?rest_route=\/wp\/v2\/users\/1"}],"replies":[{"embeddable":true,"href":"https:\/\/riolland.com\/index.php?rest_route=%2Fwp%2Fv2%2Fcomments&post=70"}],"version-history":[{"count":2,"href":"https:\/\/riolland.com\/index.php?rest_route=\/wp\/v2\/pages\/70\/revisions"}],"predecessor-version":[{"id":72,"href":"https:\/\/riolland.com\/index.php?rest_route=\/wp\/v2\/pages\/70\/revisions\/72"}],"wp:attachment":[{"href":"https:\/\/riolland.com\/index.php?rest_route=%2Fwp%2Fv2%2Fmedia&parent=70"}],"curies":[{"name":"wp","href":"https:\/\/api.w.org\/{rel}","templated":true}]}}