{"id":68,"date":"2025-07-14T15:43:25","date_gmt":"2025-07-14T15:43:25","guid":{"rendered":"https:\/\/riolland.com\/?page_id=68"},"modified":"2025-07-14T15:43:25","modified_gmt":"2025-07-14T15:43:25","slug":"politique-de-cookies","status":"publish","type":"page","link":"https:\/\/riolland.com\/?page_id=68","title":{"rendered":"Politique de Cookies"},"content":{"rendered":"\n<h1 class=\"wp-block-heading\">POLITIQUE DE CONFIDENTIALIT\u00c9 ET DE COOKIES<\/h1>\n\n\n\n<h2 class=\"wp-block-heading\">1. Confidentialit\u00e9 et Cookies<\/h2>\n\n\n\n<p>Nous accordons une grande importance \u00e0 la confidentialit\u00e9 et \u00e0 la s\u00e9curit\u00e9 de vos donn\u00e9es personnelles. Les cookies sont de petits fichiers de donn\u00e9es qui sont utilis\u00e9s par notre site Web pour am\u00e9liorer votre exp\u00e9rience d&rsquo;utilisateur. En g\u00e9n\u00e9ral, les cookies permettent \u00e0 un site Web de reconna\u00eetre votre appareil et de m\u00e9moriser vos pr\u00e9f\u00e9rences et param\u00e8tres.<\/p>\n\n\n\n<h2 class=\"wp-block-heading\">2. Utilisation des Cookies<\/h2>\n\n\n\n<p>Nous utilisons des cookies et des technologies similaires pour diverses raisons, notamment : i) assurer la s\u00e9curit\u00e9 et la protection contre la fraude, ii) fournir les services que vous avez choisis, iii) analyser les performances de notre site et iv) am\u00e9liorer votre exp\u00e9rience en tant qu&rsquo;utilisateur.<\/p>\n\n\n\n<h2 class=\"wp-block-heading\">3. Liste des Cookies Utilis\u00e9s<\/h2>\n\n\n\n<p>Ci-dessous, vous trouverez une liste des cookies que nous utilisons sur notre site. Pour plus d&rsquo;informations, veuillez consulter notre politique de confidentialit\u00e9.<\/p>\n\n\n\n<h2 class=\"wp-block-heading\">4. Gestion des Cookies<\/h2>\n\n\n\n<p><a>Pour en savoir plus sur les cookies, y compris la gestion, la suppression ou le blocage des cookies, veuillez consulter le lien suivant : [lien 1] , . Vous pouvez \u00e9galement modifier les param\u00e8tres de votre navigateur pour refuser les cookies. Veuillez noter que cela pourrait affecter n\u00e9gativement votre exp\u00e9rience utilisateur.<\/a><\/p>\n","protected":false},"excerpt":{"rendered":"<p>POLITIQUE DE CONFIDENTIALIT\u00c9 ET DE COOKIES 1. Confidentialit\u00e9 et Cookies Nous accordons une grande importance \u00e0 la confidentialit\u00e9 et \u00e0 la s\u00e9curit\u00e9 de vos donn\u00e9es personnelles. Les cookies sont de petits fichiers de donn\u00e9es qui sont utilis\u00e9s par notre site Web pour am\u00e9liorer votre exp\u00e9rience d&rsquo;utilisateur. En g\u00e9n\u00e9ral, les cookies permettent \u00e0 un site Web [&hellip;]<\/p>\n","protected":false},"author":1,"featured_media":0,"parent":0,"menu_order":0,"comment_status":"closed","ping_status":"closed","template":"","meta":{"footnotes":""},"class_list":["post-68","page","type-page","status-publish","hentry"],"_links":{"self":[{"href":"https:\/\/riolland.com\/index.php?rest_route=\/wp\/v2\/pages\/68","targetHints":{"allow":["GET"]}}],"collection":[{"href":"https:\/\/riolland.com\/index.php?rest_route=\/wp\/v2\/pages"}],"about":[{"href":"https:\/\/riolland.com\/index.php?rest_route=\/wp\/v2\/types\/page"}],"author":[{"embeddable":true,"href":"https:\/\/riolland.com\/index.php?rest_route=\/wp\/v2\/users\/1"}],"replies":[{"embeddable":true,"href":"https:\/\/riolland.com\/index.php?rest_route=%2Fwp%2Fv2%2Fcomments&post=68"}],"version-history":[{"count":1,"href":"https:\/\/riolland.com\/index.php?rest_route=\/wp\/v2\/pages\/68\/revisions"}],"predecessor-version":[{"id":69,"href":"https:\/\/riolland.com\/index.php?rest_route=\/wp\/v2\/pages\/68\/revisions\/69"}],"wp:attachment":[{"href":"https:\/\/riolland.com\/index.php?rest_route=%2Fwp%2Fv2%2Fmedia&parent=68"}],"curies":[{"name":"wp","href":"https:\/\/api.w.org\/{rel}","templated":true}]}}