{"id":61,"date":"2025-07-14T15:35:59","date_gmt":"2025-07-14T15:35:59","guid":{"rendered":"https:\/\/riolland.com\/?page_id=61"},"modified":"2025-07-14T15:39:07","modified_gmt":"2025-07-14T15:39:07","slug":"mentions-legales","status":"publish","type":"page","link":"https:\/\/riolland.com\/?page_id=61","title":{"rendered":"Mentions l\u00e9gales"},"content":{"rendered":"\n<p>En tant qu&rsquo;entreprise d&rsquo;assistance informatique et internet \u00e0 domicile en service \u00e0 la personne, Assistance informatique RIOLLAND &nbsp;est soumise \u00e0 la r\u00e9glementation en vigueur. Les mentions l\u00e9gales suivantes sont fournies conform\u00e9ment aux dispositions l\u00e9gales applicables.<\/p>\n\n\n\n<p>Raison sociale : Ga\u00ebl RIOLLAND EI<\/p>\n\n\n\n<p>num\u00e9ro de SIRET : 809574965 00020<\/p>\n\n\n\n<p>N\u00b0 de d\u00e9claration : SAP809574965, d\u00e9livr\u00e9e le 18\/06\/2024<br>Adresse du si\u00e8ge social : 6 Rue du Campanile 36220 Preuilly-la-Ville<br>Dirigeant : Ga\u00ebl RIOLLAND<br>T\u00e9l\u00e9phone : 02.54.28.70.72<br>Email : riolland.g@gmail.com<br>Num\u00e9ro d&rsquo;enregistrement au registre du commerce et des soci\u00e9t\u00e9s : [num\u00e9ro d&rsquo;enregistrement]<br>Num\u00e9ro d&rsquo;identification fiscale : [num\u00e9ro d&rsquo;identification fiscale]<br>Forme juridique : Entrepreneur individuel<br><br>H\u00e9bergeur du site : www.ovhcloud.com<br>Mentions relatives \u00e0 l&rsquo;utilisation de donn\u00e9es personnelles<br>Mentions relatives \u00e0 l&rsquo;utilisation de cookies<\/p>\n\n\n\n<p>En cas de litige, les consommateurs ont la possibilit\u00e9 d&rsquo;utiliser la plateforme de r\u00e8glement des litiges en ligne (OS) fournie par la Commission europ\u00e9enne. La plateforme est accessible \u00e0 l&rsquo;adresse http:\/\/ec.europa.eu\/consumers\/odr\/. Assistance informatique RIOLLAND n&rsquo;est ni dispos\u00e9e, ni oblig\u00e9e de participer \u00e0 une proc\u00e9dure de r\u00e8glement des litiges devant un conseil d&rsquo;arbitrage de la consommation.<\/p>\n\n\n\n<p>Contact<br>E-mail : riolland.g@gmail.com<br>T\u00e9l. : 02.54.28.70.72<\/p>\n","protected":false},"excerpt":{"rendered":"<p>En tant qu&rsquo;entreprise d&rsquo;assistance informatique et internet \u00e0 domicile en service \u00e0 la personne, Assistance informatique RIOLLAND &nbsp;est soumise \u00e0 la r\u00e9glementation en vigueur. Les mentions l\u00e9gales suivantes sont fournies conform\u00e9ment aux dispositions l\u00e9gales applicables. Raison sociale : Ga\u00ebl RIOLLAND EI num\u00e9ro de SIRET : 809574965 00020 N\u00b0 de d\u00e9claration : SAP809574965, d\u00e9livr\u00e9e le 18\/06\/2024Adresse [&hellip;]<\/p>\n","protected":false},"author":1,"featured_media":0,"parent":0,"menu_order":0,"comment_status":"closed","ping_status":"closed","template":"","meta":{"footnotes":""},"class_list":["post-61","page","type-page","status-publish","hentry"],"_links":{"self":[{"href":"https:\/\/riolland.com\/index.php?rest_route=\/wp\/v2\/pages\/61","targetHints":{"allow":["GET"]}}],"collection":[{"href":"https:\/\/riolland.com\/index.php?rest_route=\/wp\/v2\/pages"}],"about":[{"href":"https:\/\/riolland.com\/index.php?rest_route=\/wp\/v2\/types\/page"}],"author":[{"embeddable":true,"href":"https:\/\/riolland.com\/index.php?rest_route=\/wp\/v2\/users\/1"}],"replies":[{"embeddable":true,"href":"https:\/\/riolland.com\/index.php?rest_route=%2Fwp%2Fv2%2Fcomments&post=61"}],"version-history":[{"count":3,"href":"https:\/\/riolland.com\/index.php?rest_route=\/wp\/v2\/pages\/61\/revisions"}],"predecessor-version":[{"id":64,"href":"https:\/\/riolland.com\/index.php?rest_route=\/wp\/v2\/pages\/61\/revisions\/64"}],"wp:attachment":[{"href":"https:\/\/riolland.com\/index.php?rest_route=%2Fwp%2Fv2%2Fmedia&parent=61"}],"curies":[{"name":"wp","href":"https:\/\/api.w.org\/{rel}","templated":true}]}}