{"id":199,"date":"2025-09-29T09:06:39","date_gmt":"2025-09-29T09:06:39","guid":{"rendered":"https:\/\/riolland.com\/?page_id=199"},"modified":"2025-09-29T17:47:10","modified_gmt":"2025-09-29T17:47:10","slug":"199-2","status":"publish","type":"page","link":"https:\/\/riolland.com\/?page_id=199","title":{"rendered":""},"content":{"rendered":"\n<figure class=\"wp-block-image size-large\"><img loading=\"lazy\" decoding=\"async\" width=\"1024\" height=\"286\" src=\"https:\/\/riolland.com\/wp-content\/uploads\/2025\/09\/Logo-couleur-1024x286.png\" alt=\"\" class=\"wp-image-200\" srcset=\"https:\/\/riolland.com\/wp-content\/uploads\/2025\/09\/Logo-couleur-1024x286.png 1024w, https:\/\/riolland.com\/wp-content\/uploads\/2025\/09\/Logo-couleur-300x84.png 300w, https:\/\/riolland.com\/wp-content\/uploads\/2025\/09\/Logo-couleur-768x214.png 768w, https:\/\/riolland.com\/wp-content\/uploads\/2025\/09\/Logo-couleur.png 1223w\" sizes=\"auto, (max-width: 1024px) 100vw, 1024px\" \/><figcaption class=\"wp-element-caption\">     <mark style=\"background-color:rgba(0, 0, 0, 0);color:#bb1a1a\" class=\"has-inline-color\"><strong><em>mis en place par l&rsquo;Urssaf et la Direction g\u00e9n\u00e9rale des Finances publiques<\/em><\/strong><\/mark><\/figcaption><\/figure>\n\n\n\n<figure class=\"wp-block-image alignwide size-large\"><img loading=\"lazy\" decoding=\"async\" width=\"1024\" height=\"576\" src=\"https:\/\/riolland.com\/wp-content\/uploads\/2025\/09\/infographie-1-1024x576.png\" alt=\"\" class=\"wp-image-208\" srcset=\"https:\/\/riolland.com\/wp-content\/uploads\/2025\/09\/infographie-1-1024x576.png 1024w, https:\/\/riolland.com\/wp-content\/uploads\/2025\/09\/infographie-1-300x169.png 300w, https:\/\/riolland.com\/wp-content\/uploads\/2025\/09\/infographie-1-768x432.png 768w, https:\/\/riolland.com\/wp-content\/uploads\/2025\/09\/infographie-1-1536x864.png 1536w, https:\/\/riolland.com\/wp-content\/uploads\/2025\/09\/infographie-1-2048x1152.png 2048w\" sizes=\"auto, (max-width: 1024px) 100vw, 1024px\" \/><figcaption class=\"wp-element-caption\">Pour plus d&rsquo;informations cliquer sur le lien suivant: <br> <a href=\"https:\/\/www.impots.gouv.fr\/portail\/particulier\/emploi-domicile\" data-type=\"link\" data-id=\"https:\/\/www.impots.gouv.fr\/portail\/particulier\/emploi-domicile\">https:\/\/www.impots.gouv.fr\/portail\/particulier\/emploi-domicile<\/a><\/figcaption><\/figure>\n\n\n\n<figure class=\"wp-block-image alignwide size-large\"><img loading=\"lazy\" decoding=\"async\" width=\"724\" height=\"1024\" src=\"https:\/\/riolland.com\/wp-content\/uploads\/2025\/09\/FAQ_page-0001-724x1024.jpg\" alt=\"\" class=\"wp-image-211\" srcset=\"https:\/\/riolland.com\/wp-content\/uploads\/2025\/09\/FAQ_page-0001-724x1024.jpg 724w, https:\/\/riolland.com\/wp-content\/uploads\/2025\/09\/FAQ_page-0001-212x300.jpg 212w, https:\/\/riolland.com\/wp-content\/uploads\/2025\/09\/FAQ_page-0001-768x1087.jpg 768w, https:\/\/riolland.com\/wp-content\/uploads\/2025\/09\/FAQ_page-0001-1086x1536.jpg 1086w, https:\/\/riolland.com\/wp-content\/uploads\/2025\/09\/FAQ_page-0001-1447x2048.jpg 1447w, https:\/\/riolland.com\/wp-content\/uploads\/2025\/09\/FAQ_page-0001-scaled.jpg 1809w\" sizes=\"auto, (max-width: 724px) 100vw, 724px\" \/><\/figure>\n\n\n\n<p>en cas de question, l&rsquo;interlocuteur du client reste l&rsquo;Organisme de services \u00e0 la personne,  contactez-nous via nos coordonn\u00e9es pr\u00e9sentes sur la page <a href=\"https:\/\/riolland.com\/?page_id=16\" data-type=\"page\" data-id=\"16\">\u00ab\u00a0contact\u00a0\u00bb<\/a><\/p>\n\n\n\n<p><\/p>\n\n\n\n<p><\/p>\n","protected":false},"excerpt":{"rendered":"<p>en cas de question, l&rsquo;interlocuteur du client reste l&rsquo;Organisme de services \u00e0 la personne, contactez-nous via nos coordonn\u00e9es pr\u00e9sentes sur la page \u00ab\u00a0contact\u00a0\u00bb<\/p>\n","protected":false},"author":1,"featured_media":0,"parent":0,"menu_order":0,"comment_status":"closed","ping_status":"closed","template":"","meta":{"footnotes":""},"class_list":["post-199","page","type-page","status-publish","hentry"],"_links":{"self":[{"href":"https:\/\/riolland.com\/index.php?rest_route=\/wp\/v2\/pages\/199","targetHints":{"allow":["GET"]}}],"collection":[{"href":"https:\/\/riolland.com\/index.php?rest_route=\/wp\/v2\/pages"}],"about":[{"href":"https:\/\/riolland.com\/index.php?rest_route=\/wp\/v2\/types\/page"}],"author":[{"embeddable":true,"href":"https:\/\/riolland.com\/index.php?rest_route=\/wp\/v2\/users\/1"}],"replies":[{"embeddable":true,"href":"https:\/\/riolland.com\/index.php?rest_route=%2Fwp%2Fv2%2Fcomments&post=199"}],"version-history":[{"count":14,"href":"https:\/\/riolland.com\/index.php?rest_route=\/wp\/v2\/pages\/199\/revisions"}],"predecessor-version":[{"id":225,"href":"https:\/\/riolland.com\/index.php?rest_route=\/wp\/v2\/pages\/199\/revisions\/225"}],"wp:attachment":[{"href":"https:\/\/riolland.com\/index.php?rest_route=%2Fwp%2Fv2%2Fmedia&parent=199"}],"curies":[{"name":"wp","href":"https:\/\/api.w.org\/{rel}","templated":true}]}}