{"id":14,"date":"2025-07-14T12:39:32","date_gmt":"2025-07-14T12:39:32","guid":{"rendered":"http:\/\/riolland.com\/?page_id=14"},"modified":"2025-07-15T09:05:20","modified_gmt":"2025-07-15T09:05:20","slug":"services","status":"publish","type":"page","link":"https:\/\/riolland.com\/?page_id=14","title":{"rendered":"Services"},"content":{"rendered":"\n<div class=\"wp-block-group alignfull has-global-padding is-layout-constrained wp-container-core-group-is-layout-4383d167 wp-block-group-is-layout-constrained\">\n<div class=\"wp-block-group alignwide has-global-padding is-layout-constrained wp-container-core-group-is-layout-5ff8a92b wp-block-group-is-layout-constrained\" style=\"margin-top:0;margin-bottom:0;padding-top:100px;padding-bottom:100px\">\n<div class=\"wp-block-columns is-layout-flex wp-container-core-columns-is-layout-92515837 wp-block-columns-is-layout-flex\">\n<div class=\"wp-block-column is-layout-flow wp-block-column-is-layout-flow\">\n<figure class=\"wp-block-image alignleft size-full has-custom-border\"><img loading=\"lazy\" decoding=\"async\" width=\"1280\" height=\"1920\" src=\"https:\/\/riolland.com\/wp-content\/uploads\/2025\/07\/pexels-karolina-grabowska-5908728.jpg\" alt=\"\" class=\"wp-image-151\" style=\"border-radius:100px\" srcset=\"https:\/\/riolland.com\/wp-content\/uploads\/2025\/07\/pexels-karolina-grabowska-5908728.jpg 1280w, https:\/\/riolland.com\/wp-content\/uploads\/2025\/07\/pexels-karolina-grabowska-5908728-200x300.jpg 200w, https:\/\/riolland.com\/wp-content\/uploads\/2025\/07\/pexels-karolina-grabowska-5908728-683x1024.jpg 683w, https:\/\/riolland.com\/wp-content\/uploads\/2025\/07\/pexels-karolina-grabowska-5908728-768x1152.jpg 768w, https:\/\/riolland.com\/wp-content\/uploads\/2025\/07\/pexels-karolina-grabowska-5908728-1024x1536.jpg 1024w\" sizes=\"auto, (max-width: 1280px) 100vw, 1280px\" \/><\/figure>\n<\/div>\n\n\n\n<div class=\"wp-block-column is-vertically-aligned-center has-global-padding is-content-justification-left is-layout-constrained wp-container-core-column-is-layout-12dd3699 wp-block-column-is-layout-constrained\">\n<h3 class=\"wp-block-heading has-text-align-left has-text-color has-suranna-font-family\" style=\"color:#000000;margin-top:0.5rem;margin-bottom:0rem;font-size:clamp(24.034px, 1.502rem + ((1vw - 3.2px) * 1.814), 40px);font-style:normal;font-weight:500;letter-spacing:0px;line-height:1.3\">Aide \u00e0 domicile<\/h3>\n\n\n\n<hr class=\"wp-block-separator has-alpha-channel-opacity\"\/>\n\n\n\n<p class=\"has-text-color has-link-color has-pontano-sans-font-family wp-elements-ae52460f9ae80163a59b10f10d4a3718\" style=\"color:#000000;font-size:clamp(14px, 0.875rem + ((1vw - 3.2px) * 0.455), 18px);\">Notre service d&rsquo;assistance \u00e0 domicile vous apporte l&rsquo;assistance technique dont vous avez besoin, directement chez vous&nbsp;! Qu&rsquo;il s&rsquo;agisse d&rsquo;installer vos appareils ou de r\u00e9soudre des probl\u00e8mes complexes, nous sommes l\u00e0 pour simplifier votre vie num\u00e9rique.<\/p>\n\n\n\n<p>Nous comprenons que la technologie peut \u00eatre complexe. C&rsquo;est pourquoi nos experts prennent le temps d&rsquo;\u00e9couter vos besoins et de vous proposer des solutions sur mesure. De l&rsquo;installation au d\u00e9pannage, nous vous accompagnons \u00e0 chaque \u00e9tape&nbsp;!<\/p>\n\n\n\n<p>Fini le stress des gadgets&nbsp;! Notre \u00e9quipe est experte en informatique, des ordinateurs aux tablettes en passant par les smartphones. Nous assurons le bon fonctionnement de vos appareils, afin que vous puissiez vous concentrer sur l&rsquo;essentiel&nbsp;: profiter pleinement de votre technologie&nbsp;!<\/p>\n\n\n\n<p>De plus, nous proposons des formations personnalis\u00e9es&nbsp;! Apprenez \u00e0 optimiser vos appareils gr\u00e2ce \u00e0 des conseils pratiques. Nous vous aidons \u00e0 vous sentir \u00e0 l&rsquo;aise avec votre technologie, et \u00e0 la mettre \u00e0 votre service&nbsp;!<\/p>\n\n\n\n<p class=\"has-text-color has-link-color has-pontano-sans-font-family wp-elements-3be1ab2f94e50bccc250ffd3ca6099eb\" style=\"color:#000000;font-size:clamp(14px, 0.875rem + ((1vw - 3.2px) * 0.455), 18px);\">Avec notre service d&rsquo;assistance \u00e0 domicile, vous n&rsquo;\u00eates jamais seul dans votre parcours technologique. Rejoignez les nombreux clients satisfaits qui nous font confiance pour un support fiable. Laissez-nous vous aider \u00e0 exploiter tout le potentiel de vos appareils d\u00e8s aujourd&rsquo;hui&nbsp;!<\/p>\n\n\n\n<div class=\"wp-block-buttons is-horizontal is-content-justification-left is-layout-flex wp-container-core-buttons-is-layout-324fa30b wp-block-buttons-is-layout-flex\" style=\"margin-top:20px\">\n<div class=\"wp-block-button has-custom-width wp-block-button__width-50 is-style-fill\"><a class=\"wp-block-button__link has-text-color has-background has-pontano-sans-font-family has-custom-font-size wp-element-button\" href=\"https:\/\/riolland.com\/?page_id=16\" style=\"border-style:none;border-width:0px;border-radius:0rem;color:#fffffd;background-color:#e27013;padding-top:0.71rem;padding-right:0.31rem;padding-bottom:0.71rem;padding-left:0.31rem;font-size:clamp(0.875rem, 0.875rem + ((1vw - 0.2rem) * 0.245), 1.01rem);font-style:normal;font-weight:600;letter-spacing:1px;line-height:1.5;text-transform:uppercase\">Contactez-nous !<\/a><\/div>\n<\/div>\n<\/div>\n<\/div>\n<\/div>\n<\/div>\n","protected":false},"excerpt":{"rendered":"<p>Aide \u00e0 domicile Notre service d&rsquo;assistance \u00e0 domicile vous apporte l&rsquo;assistance technique dont vous avez besoin, directement chez vous&nbsp;! Qu&rsquo;il s&rsquo;agisse d&rsquo;installer vos appareils ou de r\u00e9soudre des probl\u00e8mes complexes, nous sommes l\u00e0 pour simplifier votre vie num\u00e9rique. Nous comprenons que la technologie peut \u00eatre complexe. C&rsquo;est pourquoi nos experts prennent le temps d&rsquo;\u00e9couter vos [&hellip;]<\/p>\n","protected":false},"author":1,"featured_media":0,"parent":0,"menu_order":0,"comment_status":"closed","ping_status":"closed","template":"","meta":{"footnotes":""},"class_list":["post-14","page","type-page","status-publish","hentry"],"_links":{"self":[{"href":"https:\/\/riolland.com\/index.php?rest_route=\/wp\/v2\/pages\/14","targetHints":{"allow":["GET"]}}],"collection":[{"href":"https:\/\/riolland.com\/index.php?rest_route=\/wp\/v2\/pages"}],"about":[{"href":"https:\/\/riolland.com\/index.php?rest_route=\/wp\/v2\/types\/page"}],"author":[{"embeddable":true,"href":"https:\/\/riolland.com\/index.php?rest_route=\/wp\/v2\/users\/1"}],"replies":[{"embeddable":true,"href":"https:\/\/riolland.com\/index.php?rest_route=%2Fwp%2Fv2%2Fcomments&post=14"}],"version-history":[{"count":13,"href":"https:\/\/riolland.com\/index.php?rest_route=\/wp\/v2\/pages\/14\/revisions"}],"predecessor-version":[{"id":186,"href":"https:\/\/riolland.com\/index.php?rest_route=\/wp\/v2\/pages\/14\/revisions\/186"}],"wp:attachment":[{"href":"https:\/\/riolland.com\/index.php?rest_route=%2Fwp%2Fv2%2Fmedia&parent=14"}],"curies":[{"name":"wp","href":"https:\/\/api.w.org\/{rel}","templated":true}]}}